{"id":878,"date":"2013-11-06T18:20:14","date_gmt":"2013-11-06T16:20:14","guid":{"rendered":"http:\/\/tenislastorres.com\/tenis\/?page_id=878"},"modified":"2025-07-31T08:54:47","modified_gmt":"2025-07-31T07:54:47","slug":"clasificacion-2012","status":"publish","type":"page","link":"https:\/\/tenislastorres.com\/tenis\/clasificacion-2012\/","title":{"rendered":"clasificaci\u00f3n 2012"},"content":{"rendered":"<p><span style=\"color: #993300;\">R\u00e1nging de la Asociaci\u00f3n de Tenis Las Torres, de jugadores participantes en torneos organizados por la ATT, durante los dos \u00faltimos a\u00f1os.<\/span><\/p>\n<table width=\"298\" border=\"0\" cellspacing=\"0\" cellpadding=\"0\">\n<colgroup>\n<col width=\"30\" \/>\n<col width=\"203\" \/>\n<col span=\"3\" width=\"3\" \/>\n<col width=\"56\" \/> <\/colgroup>\n<tbody>\n<tr>\n<td colspan=\"6\" width=\"236\" height=\"18\">R\u00c1NKING ATT &#8211; A\u00d1O 2012<\/td>\n<\/tr>\n<tr>\n<td height=\"9\"><\/td>\n<td><\/td>\n<td><\/td>\n<td><\/td>\n<td><\/td>\n<td><\/td>\n<\/tr>\n<tr>\n<td height=\"17\">N\u00ba<\/td>\n<td>JUGADOR<\/td>\n<td><\/td>\n<td><\/td>\n<td><\/td>\n<td>Puntos<\/td>\n<\/tr>\n<tr>\n<td height=\"17\"><\/td>\n<td><\/td>\n<td><\/td>\n<td><\/td>\n<td><\/td>\n<td><\/td>\n<\/tr>\n<tr>\n<td height=\"5\"><\/td>\n<td><\/td>\n<td><\/td>\n<td><\/td>\n<td><\/td>\n<td><\/td>\n<\/tr>\n<tr>\n<td height=\"17\">1<\/td>\n<td>PABLO DE LA CALLE MAS<\/td>\n<td><\/td>\n<td><\/td>\n<td><\/td>\n<td>211<\/td>\n<\/tr>\n<tr>\n<td height=\"17\">2<\/td>\n<td>JOSE TOMAS BLAYA VIVO<\/td>\n<td><\/td>\n<td><\/td>\n<td><\/td>\n<td>209<\/td>\n<\/tr>\n<tr>\n<td height=\"17\">2<\/td>\n<td>MANOLO NAVARRO LIDON<\/td>\n<td><\/td>\n<td><\/td>\n<td><\/td>\n<td>209<\/td>\n<\/tr>\n<tr>\n<td height=\"17\">2<\/td>\n<td>PACO LOPEZ PLANES<\/td>\n<td><\/td>\n<td><\/td>\n<td><\/td>\n<td>209<\/td>\n<\/tr>\n<tr>\n<td height=\"17\">5<\/td>\n<td>ISMAEL GOMEZ ZAPATA<\/td>\n<td><\/td>\n<td><\/td>\n<td><\/td>\n<td>200<\/td>\n<\/tr>\n<tr>\n<td height=\"17\">6<\/td>\n<td>FCO. GINES INIESTA MAYOL<\/td>\n<td><\/td>\n<td><\/td>\n<td><\/td>\n<td>198<\/td>\n<\/tr>\n<tr>\n<td height=\"17\">7<\/td>\n<td>LEANDRO CUTILLAS GARCIA*<\/td>\n<td><\/td>\n<td><\/td>\n<td><\/td>\n<td>197<\/td>\n<\/tr>\n<tr>\n<td height=\"17\">8<\/td>\n<td>CANDIDO OSSORIO DE LA PARTE<\/td>\n<td><\/td>\n<td><\/td>\n<td><\/td>\n<td>196<\/td>\n<\/tr>\n<tr>\n<td height=\"17\">9<\/td>\n<td>ALFONSO GAMBIN G\u00d3MEZ<\/td>\n<td><\/td>\n<td><\/td>\n<td><\/td>\n<td>194<\/td>\n<\/tr>\n<tr>\n<td height=\"17\">10<\/td>\n<td>EDUARDO BALLESTA MATA<\/td>\n<td><\/td>\n<td><\/td>\n<td><\/td>\n<td>188<\/td>\n<\/tr>\n<tr>\n<td height=\"17\">11<\/td>\n<td>SERGIO LOPEZ LOZANO<\/td>\n<td><\/td>\n<td><\/td>\n<td><\/td>\n<td>178<\/td>\n<\/tr>\n<tr>\n<td height=\"17\">12<\/td>\n<td>ANTONIO BARQUERO SANCHEZ<\/td>\n<td><\/td>\n<td><\/td>\n<td><\/td>\n<td>169<\/td>\n<\/tr>\n<tr>\n<td height=\"17\">13<\/td>\n<td>ANGEL PRIETO HERNANDEZ<\/td>\n<td><\/td>\n<td><\/td>\n<td><\/td>\n<td>166<\/td>\n<\/tr>\n<tr>\n<td height=\"17\">14<\/td>\n<td>FRANCISCO RUIZ SANCHEZ<\/td>\n<td><\/td>\n<td><\/td>\n<td><\/td>\n<td>164<\/td>\n<\/tr>\n<tr>\n<td height=\"17\">15<\/td>\n<td>PACO GALLEGO BENAVENTE<\/td>\n<td><\/td>\n<td><\/td>\n<td><\/td>\n<td>163<\/td>\n<\/tr>\n<tr>\n<td height=\"17\">16<\/td>\n<td>PEPE MARTINEZ NAVARRO<\/td>\n<td><\/td>\n<td><\/td>\n<td><\/td>\n<td>162<\/td>\n<\/tr>\n<tr>\n<td height=\"17\">17<\/td>\n<td>GONZALO SEIQUER GIL<\/td>\n<td><\/td>\n<td><\/td>\n<td><\/td>\n<td>159<\/td>\n<\/tr>\n<tr>\n<td height=\"17\">18<\/td>\n<td>ANGEL ABELLAN SERRANO<\/td>\n<td><\/td>\n<td><\/td>\n<td><\/td>\n<td>158<\/td>\n<\/tr>\n<tr>\n<td height=\"17\">19<\/td>\n<td>FCO. CRIST\u00d3BAL RUIZ<\/td>\n<td><\/td>\n<td><\/td>\n<td><\/td>\n<td>157<\/td>\n<\/tr>\n<tr>\n<td height=\"17\">20<\/td>\n<td>ANTONIO TORTOSA ABELLAN<\/td>\n<td><\/td>\n<td><\/td>\n<td><\/td>\n<td>156<\/td>\n<\/tr>\n<tr>\n<td height=\"17\">21<\/td>\n<td>ANTONIO FUENTES MARTINEZ<\/td>\n<td><\/td>\n<td><\/td>\n<td><\/td>\n<td>143<\/td>\n<\/tr>\n<tr>\n<td height=\"17\">22<\/td>\n<td>SENADOR MORALES BA\u00d1OS<\/td>\n<td><\/td>\n<td><\/td>\n<td><\/td>\n<td>142<\/td>\n<\/tr>\n<tr>\n<td height=\"17\">23<\/td>\n<td>SERGIO ROMERO PIQUERAS<\/td>\n<td><\/td>\n<td><\/td>\n<td><\/td>\n<td>135<\/td>\n<\/tr>\n<tr>\n<td height=\"17\">24<\/td>\n<td>FCO.JOSE PUJANTE NOGUERA*<\/td>\n<td><\/td>\n<td><\/td>\n<td><\/td>\n<td>133<\/td>\n<\/tr>\n<tr>\n<td height=\"17\">25<\/td>\n<td>EUSTAQUIO CASCALES GCIA.<\/td>\n<td><\/td>\n<td><\/td>\n<td><\/td>\n<td>122<\/td>\n<\/tr>\n<tr>\n<td height=\"16\">26<\/td>\n<td>BARTOLO OTALORA ALVAREZ<\/td>\n<td><\/td>\n<td><\/td>\n<td><\/td>\n<td>121<\/td>\n<\/tr>\n<tr>\n<td height=\"16\">27<\/td>\n<td>JOSE CARLOS SAMPER PARDO<\/td>\n<td><\/td>\n<td><\/td>\n<td><\/td>\n<td>116<\/td>\n<\/tr>\n<tr>\n<td height=\"16\">27<\/td>\n<td>ROQUE GUILLEN PEREZ<\/td>\n<td><\/td>\n<td><\/td>\n<td><\/td>\n<td>116<\/td>\n<\/tr>\n<tr>\n<td height=\"16\">29<\/td>\n<td>LUIS FERNANDEZ LOPEZ<\/td>\n<td><\/td>\n<td><\/td>\n<td><\/td>\n<td>115<\/td>\n<\/tr>\n<tr>\n<td height=\"16\">29<\/td>\n<td>VICENTE SANDOVAL MESEGUER<\/td>\n<td><\/td>\n<td><\/td>\n<td><\/td>\n<td>115<\/td>\n<\/tr>\n<tr>\n<td height=\"16\">31<\/td>\n<td>ANTONIO LUQUE MUELAS<\/td>\n<td><\/td>\n<td><\/td>\n<td><\/td>\n<td>114<\/td>\n<\/tr>\n<tr>\n<td height=\"16\">31<\/td>\n<td>POLICARPO MANZANARES LOPEZ<\/td>\n<td><\/td>\n<td><\/td>\n<td><\/td>\n<td>114<\/td>\n<\/tr>\n<tr>\n<td height=\"16\">33<\/td>\n<td>ISIDORO JESUS CASANOVA<\/td>\n<td><\/td>\n<td><\/td>\n<td><\/td>\n<td>112<\/td>\n<\/tr>\n<tr>\n<td height=\"16\">33<\/td>\n<td>PASCUAL MERO\u00d1O MARTINEZ<\/td>\n<td><\/td>\n<td><\/td>\n<td><\/td>\n<td>112<\/td>\n<\/tr>\n<tr>\n<td height=\"16\">35<\/td>\n<td>FCO.JOS\u00c9 BREIS L\u00d3PEZ<\/td>\n<td><\/td>\n<td><\/td>\n<td><\/td>\n<td>111<\/td>\n<\/tr>\n<tr>\n<td height=\"16\">35<\/td>\n<td>MARIANO SAMPER PARDO<\/td>\n<td><\/td>\n<td><\/td>\n<td><\/td>\n<td>111<\/td>\n<\/tr>\n<tr>\n<td height=\"16\">37<\/td>\n<td>TOMAS FERNANDEZ TORNEL<\/td>\n<td><\/td>\n<td><\/td>\n<td><\/td>\n<td>110<\/td>\n<\/tr>\n<tr>\n<td height=\"16\">38<\/td>\n<td>SALVADOR SEGUI MARTINEZ<\/td>\n<td><\/td>\n<td><\/td>\n<td><\/td>\n<td>109<\/td>\n<\/tr>\n<tr>\n<td height=\"16\">39<\/td>\n<td>ANTONIO GRACIA GAMBIN<\/td>\n<td><\/td>\n<td><\/td>\n<td><\/td>\n<td>105<\/td>\n<\/tr>\n<tr>\n<td height=\"16\">40<\/td>\n<td>JOSE ANGEL SANCHEZ VALC.*<\/td>\n<td><\/td>\n<td><\/td>\n<td><\/td>\n<td>104<\/td>\n<\/tr>\n<tr>\n<td height=\"16\">41<\/td>\n<td>GINES PERNIAS BERMUDEZ<\/td>\n<td><\/td>\n<td><\/td>\n<td><\/td>\n<td>103<\/td>\n<\/tr>\n<tr>\n<td height=\"16\">42<\/td>\n<td>EUSTAQUIO CASCALES FLOREN<\/td>\n<td><\/td>\n<td><\/td>\n<td><\/td>\n<td>101<\/td>\n<\/tr>\n<tr>\n<td height=\"16\">42<\/td>\n<td>RAUL PEREZ GONZALEZ*<\/td>\n<td><\/td>\n<td><\/td>\n<td><\/td>\n<td>101<\/td>\n<\/tr>\n<tr>\n<td height=\"16\">44<\/td>\n<td>ALFONSO CERON GARCIA<\/td>\n<td><\/td>\n<td><\/td>\n<td><\/td>\n<td>99<\/td>\n<\/tr>\n<tr>\n<td height=\"16\">45<\/td>\n<td>JULIO LOPEZ LLAMAS<\/td>\n<td><\/td>\n<td><\/td>\n<td><\/td>\n<td>98<\/td>\n<\/tr>\n<tr>\n<td height=\"16\">46<\/td>\n<td>JOAQUIN CARRASCO LOPEZ<\/td>\n<td><\/td>\n<td><\/td>\n<td><\/td>\n<td>94<\/td>\n<\/tr>\n<tr>\n<td height=\"16\">47<\/td>\n<td>JUAN MARTINEZ HIDALGO<\/td>\n<td><\/td>\n<td><\/td>\n<td><\/td>\n<td>93<\/td>\n<\/tr>\n<tr>\n<td height=\"16\">48<\/td>\n<td>JORGE PE\u00d1AS COLOMINA<\/td>\n<td><\/td>\n<td><\/td>\n<td><\/td>\n<td>90<\/td>\n<\/tr>\n<tr>\n<td height=\"16\">49<\/td>\n<td>ROMAN MARTI DIAZ<\/td>\n<td><\/td>\n<td><\/td>\n<td><\/td>\n<td>89<\/td>\n<\/tr>\n<tr>\n<td height=\"16\">50<\/td>\n<td>JESUS BELTRAN GARCIA<\/td>\n<td><\/td>\n<td><\/td>\n<td><\/td>\n<td>88<\/td>\n<\/tr>\n<tr>\n<td height=\"16\">51<\/td>\n<td>JUAN ALARCON NAVARRO*<\/td>\n<td><\/td>\n<td><\/td>\n<td><\/td>\n<td>87<\/td>\n<\/tr>\n<tr>\n<td height=\"16\">52<\/td>\n<td>JOSE FERNANDEZ FERRANDIZ<\/td>\n<td><\/td>\n<td><\/td>\n<td><\/td>\n<td>84<\/td>\n<\/tr>\n<tr>\n<td height=\"16\">53<\/td>\n<td>FCO. JOSE MARTINEZ BRAVO<\/td>\n<td><\/td>\n<td><\/td>\n<td><\/td>\n<td>83<\/td>\n<\/tr>\n<tr>\n<td height=\"16\">54<\/td>\n<td>RAFAEL WERNER ROS<\/td>\n<td><\/td>\n<td><\/td>\n<td><\/td>\n<td>81<\/td>\n<\/tr>\n<tr>\n<td height=\"16\">55<\/td>\n<td>PEDRO ANGEL SALES MTEZ.<\/td>\n<td><\/td>\n<td><\/td>\n<td><\/td>\n<td>79<\/td>\n<\/tr>\n<tr>\n<td height=\"16\">56<\/td>\n<td>JULIAN GOMEZ MARTINEZ<\/td>\n<td><\/td>\n<td><\/td>\n<td><\/td>\n<td>77<\/td>\n<\/tr>\n<tr>\n<td height=\"16\">57<\/td>\n<td>GABRIEL PAY ALCOLEA<\/td>\n<td><\/td>\n<td><\/td>\n<td><\/td>\n<td>75<\/td>\n<\/tr>\n<tr>\n<td height=\"16\">57<\/td>\n<td>PEDRO FERNANDEZ LOPEZ<\/td>\n<td><\/td>\n<td><\/td>\n<td><\/td>\n<td>75<\/td>\n<\/tr>\n<tr>\n<td height=\"16\">59<\/td>\n<td>ANTONIO ANGEL HERNANDEZ.<\/td>\n<td><\/td>\n<td><\/td>\n<td><\/td>\n<td>74<\/td>\n<\/tr>\n<tr>\n<td height=\"16\">59<\/td>\n<td>FELIX GOMEZ RUIZ<\/td>\n<td><\/td>\n<td><\/td>\n<td><\/td>\n<td>74<\/td>\n<\/tr>\n<tr>\n<td height=\"16\">59<\/td>\n<td>VICTOR MARTINEZ RIVERA<\/td>\n<td><\/td>\n<td><\/td>\n<td><\/td>\n<td>74<\/td>\n<\/tr>\n<tr>\n<td height=\"16\">62<\/td>\n<td>PEPE FUENTES LOPEZ<\/td>\n<td><\/td>\n<td><\/td>\n<td><\/td>\n<td>73<\/td>\n<\/tr>\n<tr>\n<td height=\"16\">63<\/td>\n<td>ABEL GARCIA LOPEZ*<\/td>\n<td><\/td>\n<td><\/td>\n<td><\/td>\n<td>72<\/td>\n<\/tr>\n<tr>\n<td height=\"16\">63<\/td>\n<td>JAVIER ORTIZ GARCIA*<\/td>\n<td><\/td>\n<td><\/td>\n<td><\/td>\n<td>72<\/td>\n<\/tr>\n<tr>\n<td height=\"16\">63<\/td>\n<td>JOSE ANTONIO GIL*<\/td>\n<td><\/td>\n<td><\/td>\n<td><\/td>\n<td>72<\/td>\n<\/tr>\n<tr>\n<td height=\"16\">66<\/td>\n<td>PEDRO JOSE NOGUERA*<\/td>\n<td><\/td>\n<td><\/td>\n<td><\/td>\n<td>70<\/td>\n<\/tr>\n<tr>\n<td height=\"16\">67<\/td>\n<td>JESUS BARQUILLA ARIAS*<\/td>\n<td><\/td>\n<td><\/td>\n<td><\/td>\n<td>68<\/td>\n<\/tr>\n<tr>\n<td height=\"16\">68<\/td>\n<td>GUILLERMO METCALFE<\/td>\n<td><\/td>\n<td><\/td>\n<td><\/td>\n<td>66<\/td>\n<\/tr>\n<tr>\n<td height=\"16\">69<\/td>\n<td>FRANCISCO ROS GOMEZ<\/td>\n<td><\/td>\n<td><\/td>\n<td><\/td>\n<td>65<\/td>\n<\/tr>\n<tr>\n<td height=\"16\">69<\/td>\n<td>JOSE ANTONIO AZNAR<\/td>\n<td><\/td>\n<td><\/td>\n<td><\/td>\n<td>65<\/td>\n<\/tr>\n<tr>\n<td height=\"16\">71<\/td>\n<td>IVAN JESUS SALES MARTINEZ<\/td>\n<td><\/td>\n<td><\/td>\n<td><\/td>\n<td>64<\/td>\n<\/tr>\n<tr>\n<td height=\"16\">71<\/td>\n<td>OSCAR GADEA MARIN<\/td>\n<td><\/td>\n<td><\/td>\n<td><\/td>\n<td>64<\/td>\n<\/tr>\n<tr>\n<td height=\"16\">73<\/td>\n<td>FCO. JOSE SALAR GIMENEZ<\/td>\n<td><\/td>\n<td><\/td>\n<td><\/td>\n<td>63<\/td>\n<\/tr>\n<tr>\n<td height=\"16\">74<\/td>\n<td>ANTONIO MARTINEZ ALCARAZ<\/td>\n<td><\/td>\n<td><\/td>\n<td><\/td>\n<td>62<\/td>\n<\/tr>\n<tr>\n<td height=\"16\">74<\/td>\n<td>JUAN CARLOS PEREZ LOPEZ*<\/td>\n<td><\/td>\n<td><\/td>\n<td><\/td>\n<td>62<\/td>\n<\/tr>\n<tr>\n<td height=\"16\">74<\/td>\n<td>JOSE ANTONIO DOLERA BA\u00d1OS<\/td>\n<td><\/td>\n<td><\/td>\n<td><\/td>\n<td>62<\/td>\n<\/tr>\n<tr>\n<td height=\"16\">77<\/td>\n<td>JOSE HERN\u00c1NDEZ SALINAS*<\/td>\n<td><\/td>\n<td><\/td>\n<td><\/td>\n<td>61<\/td>\n<\/tr>\n<tr>\n<td height=\"16\">78<\/td>\n<td>ANTONIO FCO. MARTINEZ<\/td>\n<td><\/td>\n<td><\/td>\n<td><\/td>\n<td>60<\/td>\n<\/tr>\n<tr>\n<td height=\"16\">79<\/td>\n<td>JOSE ALEDO F\u00c9REZ<\/td>\n<td><\/td>\n<td><\/td>\n<td><\/td>\n<td>59<\/td>\n<\/tr>\n<tr>\n<td height=\"16\">79<\/td>\n<td>JOSE ANTONIO TOMAS LOPEZ<\/td>\n<td><\/td>\n<td><\/td>\n<td><\/td>\n<td>59<\/td>\n<\/tr>\n<tr>\n<td height=\"16\">81<\/td>\n<td>GINES HIDALGO BRAO<\/td>\n<td><\/td>\n<td><\/td>\n<td><\/td>\n<td>58<\/td>\n<\/tr>\n<tr>\n<td height=\"16\">82<\/td>\n<td>BENITO SANCHEZ RUBIO<\/td>\n<td><\/td>\n<td><\/td>\n<td><\/td>\n<td>57<\/td>\n<\/tr>\n<tr>\n<td height=\"16\">82<\/td>\n<td>JUAN ANTONIO MARTINEZ<\/td>\n<td><\/td>\n<td><\/td>\n<td><\/td>\n<td>57<\/td>\n<\/tr>\n<tr>\n<td height=\"16\">82<\/td>\n<td>LAMBERTO MORANTE DEL C.<\/td>\n<td><\/td>\n<td><\/td>\n<td><\/td>\n<td>57<\/td>\n<\/tr>\n<tr>\n<td height=\"16\">85<\/td>\n<td>JOAQUIN ALARCON FERNANDEZ<\/td>\n<td><\/td>\n<td><\/td>\n<td><\/td>\n<td>56<\/td>\n<\/tr>\n<tr>\n<td height=\"16\">85<\/td>\n<td>JOSE BARQUERO BELTRAN<\/td>\n<td><\/td>\n<td><\/td>\n<td><\/td>\n<td>56<\/td>\n<\/tr>\n<tr>\n<td height=\"16\">87<\/td>\n<td>JOSE ANTONIO CONTRERAS<\/td>\n<td><\/td>\n<td><\/td>\n<td><\/td>\n<td>54<\/td>\n<\/tr>\n<tr>\n<td height=\"16\">88<\/td>\n<td>ANTONIO GONZALEZ JIMENEZ*<\/td>\n<td><\/td>\n<td><\/td>\n<td><\/td>\n<td>53<\/td>\n<\/tr>\n<tr>\n<td height=\"16\">89<\/td>\n<td>IAN IGNACIO LOPEZ<\/td>\n<td><\/td>\n<td><\/td>\n<td><\/td>\n<td>51<\/td>\n<\/tr>\n<tr>\n<td height=\"16\">90<\/td>\n<td>JUAN PABLO ACEVEDO*<\/td>\n<td><\/td>\n<td><\/td>\n<td><\/td>\n<td>47<\/td>\n<\/tr>\n<tr>\n<td height=\"16\">91<\/td>\n<td>JOSE MANUEL MTEZ.CARRILLO*<\/td>\n<td><\/td>\n<td><\/td>\n<td><\/td>\n<td>46<\/td>\n<\/tr>\n<tr>\n<td height=\"16\">92<\/td>\n<td>SILVIO A. CARRILLO*<\/td>\n<td><\/td>\n<td><\/td>\n<td><\/td>\n<td>44<\/td>\n<\/tr>\n<tr>\n<td height=\"16\">92<\/td>\n<td>JAVIER CAVA MARMOL<\/td>\n<td><\/td>\n<td><\/td>\n<td><\/td>\n<td>44<\/td>\n<\/tr>\n<tr>\n<td height=\"16\">92<\/td>\n<td>RUBEN VALENZUELA<\/td>\n<td><\/td>\n<td><\/td>\n<td><\/td>\n<td>44<\/td>\n<\/tr>\n<tr>\n<td height=\"16\">95<\/td>\n<td>JOSE ANTONIO FUENTES BAEZA<\/td>\n<td><\/td>\n<td><\/td>\n<td><\/td>\n<td>42<\/td>\n<\/tr>\n<tr>\n<td height=\"16\">95<\/td>\n<td>SERGIO GALLEGO BENAVENTE<\/td>\n<td><\/td>\n<td><\/td>\n<td><\/td>\n<td>42<\/td>\n<\/tr>\n<tr>\n<td height=\"16\">97<\/td>\n<td>JULIAN CEACERO BAUTISTA<\/td>\n<td><\/td>\n<td><\/td>\n<td><\/td>\n<td>41<\/td>\n<\/tr>\n<tr>\n<td height=\"16\">97<\/td>\n<td>JUAN PEDRO MARTINEZ DOM.<\/td>\n<td><\/td>\n<td><\/td>\n<td><\/td>\n<td>41<\/td>\n<\/tr>\n<tr>\n<td height=\"16\">99<\/td>\n<td>GREGORIO MARTINEZ CA\u00d1AV*<\/td>\n<td><\/td>\n<td><\/td>\n<td><\/td>\n<td>40<\/td>\n<\/tr>\n<tr>\n<td height=\"16\">99<\/td>\n<td>HORACIO ROSILLO LARA<\/td>\n<td><\/td>\n<td><\/td>\n<td><\/td>\n<td>40<\/td>\n<\/tr>\n<tr>\n<td height=\"16\">99<\/td>\n<td>MARILO PUERTA<\/td>\n<td><\/td>\n<td><\/td>\n<td><\/td>\n<td>40<\/td>\n<\/tr>\n<tr>\n<td height=\"16\">102<\/td>\n<td>JAVIER GOMEZ VILLALOBOS<\/td>\n<td><\/td>\n<td><\/td>\n<td><\/td>\n<td>38<\/td>\n<\/tr>\n<tr>\n<td height=\"16\">103<\/td>\n<td>OLEGARIO BREIS DE LOS SANTOS<\/td>\n<td><\/td>\n<td><\/td>\n<td><\/td>\n<td>37<\/td>\n<\/tr>\n<tr>\n<td height=\"16\">104<\/td>\n<td>JOSE JAVIER GONZALEZ*<\/td>\n<td><\/td>\n<td><\/td>\n<td><\/td>\n<td>36<\/td>\n<\/tr>\n<tr>\n<td height=\"16\">105<\/td>\n<td>JOSE ANGEL PEREZ MAIQUEZ*<\/td>\n<td><\/td>\n<td><\/td>\n<td><\/td>\n<td>35<\/td>\n<\/tr>\n<tr>\n<td height=\"16\">106<\/td>\n<td>PEPE VICENTE VICENTE<\/td>\n<td><\/td>\n<td><\/td>\n<td><\/td>\n<td>28<\/td>\n<\/tr>\n<tr>\n<td height=\"16\">107<\/td>\n<td>JOSE MANUEL PEREZ<\/td>\n<td><\/td>\n<td><\/td>\n<td><\/td>\n<td>27<\/td>\n<\/tr>\n<tr>\n<td height=\"16\">108<\/td>\n<td>JESUS DOLERA CONTRERAS<\/td>\n<td><\/td>\n<td><\/td>\n<td><\/td>\n<td>23<\/td>\n<\/tr>\n<tr>\n<td height=\"16\">109<\/td>\n<td>ALBERTO BERNAL JIMENEZ*<\/td>\n<td><\/td>\n<td><\/td>\n<td><\/td>\n<td>22<\/td>\n<\/tr>\n<tr>\n<td height=\"16\">110<\/td>\n<td>ALBERTA MARTINEZ VAZQUEZ<\/td>\n<td><\/td>\n<td><\/td>\n<td><\/td>\n<td>21<\/td>\n<\/tr>\n<tr>\n<td height=\"16\">110<\/td>\n<td>JOSE SERNA FERNANDEZ<\/td>\n<td><\/td>\n<td><\/td>\n<td><\/td>\n<td>21<\/td>\n<\/tr>\n<tr>\n<td height=\"16\">112<\/td>\n<td>DAVID MARTINEZ*<\/td>\n<td><\/td>\n<td><\/td>\n<td><\/td>\n<td>20<\/td>\n<\/tr>\n<tr>\n<td height=\"16\">112<\/td>\n<td>JOSE ANDRES BERNAL<\/td>\n<td><\/td>\n<td><\/td>\n<td><\/td>\n<td>20<\/td>\n<\/tr>\n<tr>\n<td height=\"16\">114<\/td>\n<td>ISIDORO HARO<\/td>\n<td><\/td>\n<td><\/td>\n<td><\/td>\n<td>19<\/td>\n<\/tr>\n<tr>\n<td height=\"16\">115<\/td>\n<td>ALEJANDRO POZUELO MARTIN<\/td>\n<td><\/td>\n<td><\/td>\n<td><\/td>\n<td>17<\/td>\n<\/tr>\n<tr>\n<td height=\"16\">116<\/td>\n<td>SALVADOR ROMERO VICENTE*<\/td>\n<td><\/td>\n<td><\/td>\n<td><\/td>\n<td>14<\/td>\n<\/tr>\n<tr>\n<td height=\"16\">116<\/td>\n<td>MIGUEL ANGEL CONTRERAS<\/td>\n<td><\/td>\n<td><\/td>\n<td><\/td>\n<td>14<\/td>\n<\/tr>\n<tr>\n<td height=\"16\">118<\/td>\n<td>JAVIER ROMERO PIQUERAS<\/td>\n<td><\/td>\n<td><\/td>\n<td><\/td>\n<td>13<\/td>\n<\/tr>\n<tr>\n<td height=\"16\">119<\/td>\n<td>SAUL GUILLEN<\/td>\n<td><\/td>\n<td><\/td>\n<td><\/td>\n<td>12<\/td>\n<\/tr>\n<\/tbody>\n<\/table>\n","protected":false},"excerpt":{"rendered":"<p>R\u00e1nging de la Asociaci\u00f3n de Tenis Las Torres, de jugadores participantes en torneos organizados por la ATT, durante los dos \u00faltimos a\u00f1os. R\u00c1NKING ATT &#8211; A\u00d1O 2012 N\u00ba JUGADOR Puntos 1 PABLO DE LA CALLE MAS 211 2 JOSE TOMAS BLAYA VIVO 209 2 MANOLO NAVARRO LIDON 209 2 PACO LOPEZ PLANES 209 5 ISMAEL &hellip; <a href=\"https:\/\/tenislastorres.com\/tenis\/clasificacion-2012\/\" class=\"more-link\">Seguir leyendo <span class=\"screen-reader-text\">clasificaci\u00f3n 2012<\/span> <span class=\"meta-nav\">&rarr;<\/span><\/a><\/p>\n","protected":false},"author":1,"featured_media":0,"parent":0,"menu_order":0,"comment_status":"closed","ping_status":"closed","template":"","meta":{"footnotes":""},"class_list":["post-878","page","type-page","status-publish","hentry"],"_links":{"self":[{"href":"https:\/\/tenislastorres.com\/tenis\/wp-json\/wp\/v2\/pages\/878","targetHints":{"allow":["GET"]}}],"collection":[{"href":"https:\/\/tenislastorres.com\/tenis\/wp-json\/wp\/v2\/pages"}],"about":[{"href":"https:\/\/tenislastorres.com\/tenis\/wp-json\/wp\/v2\/types\/page"}],"author":[{"embeddable":true,"href":"https:\/\/tenislastorres.com\/tenis\/wp-json\/wp\/v2\/users\/1"}],"replies":[{"embeddable":true,"href":"https:\/\/tenislastorres.com\/tenis\/wp-json\/wp\/v2\/comments?post=878"}],"version-history":[{"count":2,"href":"https:\/\/tenislastorres.com\/tenis\/wp-json\/wp\/v2\/pages\/878\/revisions"}],"predecessor-version":[{"id":880,"href":"https:\/\/tenislastorres.com\/tenis\/wp-json\/wp\/v2\/pages\/878\/revisions\/880"}],"wp:attachment":[{"href":"https:\/\/tenislastorres.com\/tenis\/wp-json\/wp\/v2\/media?parent=878"}],"curies":[{"name":"wp","href":"https:\/\/api.w.org\/{rel}","templated":true}]}}