{"id":4122,"date":"2025-10-25T11:02:57","date_gmt":"2025-10-25T10:02:57","guid":{"rendered":"https:\/\/tenislastorres.com\/tenis\/?page_id=4122"},"modified":"2025-10-25T11:03:05","modified_gmt":"2025-10-25T10:03:05","slug":"politica-de-cookies","status":"publish","type":"page","link":"https:\/\/tenislastorres.com\/tenis\/politica-de-cookies\/","title":{"rendered":"Pol\u00edtica de Cookies"},"content":{"rendered":"\n<p><strong>POL\u00cdTICA DE COOKIES <\/strong><\/p>\n<p>En cumplimiento de la Ley 34\/2002, de 11 de julio, de Servicios de la Sociedad de la Informaci\u00f3n y Comercio Electr\u00f3nico le informamos de que este sitio web, al igual que la mayor\u00eda de los sitios en Internet, usa Cookies para mejorar y optimizar la experiencia del usuario. A continuaci\u00f3n, encontrar\u00e1 informaci\u00f3n detallada sobre qu\u00e9 son las \u201cCookies\u201d, qu\u00e9 tipolog\u00eda utiliza este sitio web, c\u00f3mo cambiar la configuraci\u00f3n de sus cookies, y qu\u00e9 ocurre si deshabilita las Cookies.<\/p>\n<p><strong><em>\u00bfQu\u00e9 son las cookies? <\/em><\/strong><\/p>\n<p>Las cookies son unos archivos que se instalan en \u00e9l equipo desde \u00e9l que accedes a nuestra web con las finalidades que se describen en esta p\u00e1gina, estos podr\u00e1n ser actualizados y recuperados por la entidad responsable de su instalaci\u00f3n.<\/p>\n<p>Las cookies son archivos que se encuentran en tu ordenador con el fin de recopilar informaci\u00f3n de registro de internet e informaci\u00f3n sobre el comportamiento del usuario. Se utiliza para conocer el uso que hace el usuario y para realizar estad\u00edsticas sobre la actividad en la p\u00e1gina web.<\/p>\n<p>El Usuario puede informarse sobre el uso de Cookies en la Gu\u00eda elaborada por la AEPD:<\/p>\n<p>https:\/\/www.aepd.es\/es\/prensa-y-comunicacion\/notas-de-prensa\/la-aepd-presenta-junto-la-industria-una-guia-sobre-el-uso-de<\/p>\n<p><strong><em>Utilizaci\u00f3n de cookies en la web: https:\/\/tenislastorres.com\/tenis\/ <\/em><\/strong><\/p>\n<p>La informaci\u00f3n proporcionada por las cookies nos puede ayudar a conocer el perfil de nuestros usuarios y a ofrecerte una mejor experiencia de usuario. <strong>ASOCIACION DE TENIS LAS TORRES<\/strong>, utiliza este tipo de informaci\u00f3n para ayudar a mejorar los servicios que presta a sus usuarios y las comunicaciones con ellos. Solo utilizamos cookies que sean necesarias para ofrecerle los servicios\/utilidades de nuestra p\u00e1gina web, siempre que as\u00ed lo hayas consentido.<\/p>\n<p><strong><em>\u00bfQu\u00e9 tipo de Cookies utiliza esta p\u00e1gina web? <\/em><\/strong><\/p>\n<p>Esta web utiliza cookies propias y de terceros. En funci\u00f3n de la entidad que gestione las cookies, se pueden clasificar en grupos:<\/p>\n<p>Seg\u00fan la entidad que las gestiona:<\/p>\n<p>\uf0b7 <strong>Cookies propias<\/strong>: aqu\u00e9llas que se env\u00edan al equipo terminal del usuario desde un equipo o dominio gestionado por el propio editor y desde el que se presta el servicio solicitado por el usuario.<\/p>\n<p>\uf0b7 <strong>Cookies de terceros<\/strong>: Son aqu\u00e9llas que se env\u00edan al equipo terminal del usuario desde un equipo o dominio que no es gestionado por el editor, sino por otra entidad que trata los datos obtenidos a trav\u00e9s de las cookies.<\/p>\n<p>Seg\u00fan el plazo de tiempo que permanezcan activadas en el equipo terminal se dividen en:<\/p>\n<p><strong><em>Cookies de registro: <\/em><\/strong>las Cookies de registro se generan una vez que el Usuario se ha registrado o posteriormente ha abierto su sesi\u00f3n, y se utilizan para identificarle en las web y servicios con los siguientes objetivos:<\/p>\n<p>\uf0b7 Mantener al usuario identificado de forma que, si cierra un servicio o web, el navegador o el ordenador y en otro momento u otro d\u00eda vuelve a entrar en dicho servicio o web, seguir\u00e1 identificado, facilitando as\u00ed su navegaci\u00f3n sin tener que volver a identificarse. Esta funcionalidad se puede suprimir si el usuario pulsa la funcionalidad \u00abSalir\u00bb, de forma que esta Cookie se elimina y la pr\u00f3xima vez que entre en la web el usuario tendr\u00e1 que iniciar sesi\u00f3n para estar identificado.<\/p>\n<p>\uf0b7 Comprobar si el usuario est\u00e1 autorizado para acceder a ciertos servicios, por ejemplo, para participar en un concurso.<\/p>\n<p>\uf0b7 Adicionalmente, algunos servicios pueden utilizar conectores de terceros tales como Facebook, Twitter o Google. Cuando el usuario se registra en un servicio con credenciales de una red social o sistema de identificaci\u00f3n de terceros, autoriza al mismo a guardar una cookie persistente que recuerda su identidad y le garantiza acceso a la web hasta que expira. El usuario puede borrar esta cookie y revocar el acceso a la web mediante redes sociales o sistema de identificaci\u00f3n de terceros actualizando sus preferencias en la red social que espec\u00edfica.<\/p>\n<p><strong>Cookies de sesi\u00f3n<\/strong>: Est\u00e1n dise\u00f1adas para recabar y almacenar datos mientras el usuario accede a una p\u00e1gina web.<\/p>\n<p><strong>Cookies persistentes<\/strong>: Tipo de cookies en el que los datos siguen almacenados en el terminal y pueden ser accedidos y tratados durante un periodo definido por el responsable de la cookie, y que puede ir de unos minutos a varios a\u00f1os.<\/p>\n<p>Seg\u00fan su finalidad se clasifican del siguiente modo:<\/p>\n<p><strong>Cookies t\u00e9cnicas<\/strong>: estas cookies permiten que el Sitio recuerde las elecciones realizadas, para proporcionar caracter\u00edsticas mejores y m\u00e1s adaptadas. En esta categor\u00eda se incluyen las cookies de terceros.<\/p>\n<p><strong>Cookies de geolocalizaci\u00f3n: <\/strong>estas Cookies son utilizadas para averiguar en qu\u00e9 pa\u00eds se encuentra cuando se solicita una web o servicio. Esta Cookie es totalmente an\u00f3nima, y s\u00f3lo se utiliza para ayudar a orientar el contenido a su ubicaci\u00f3n.<\/p>\n<p><strong>Cookies de personalizaci\u00f3n<\/strong>: las cookies de personalizaci\u00f3n se instalan para mostrar anuncios m\u00e1s espec\u00edficos basados en tus intereses y para gestionar nuestra publicidad. Estas cookies recogen informaci\u00f3n sobre tus actividades en este y otros sitios para ofrecerte publicidad adaptada a tus intereses. Tambi\u00e9n son cookies de preferencias, tales como, por ejemplo, el idioma, el n\u00famero de resultados a mostrar cuando el usuario realiza una b\u00fasqueda, etc.<\/p>\n<p><strong>Cookies de rendimiento: <\/strong>este tipo de Cookie recuerda sus preferencias para las herramientas que se encuentran en los servicios, por lo que no tiene que volver a configurar el servicio cada vez que usted visita. A modo de ejemplo, en esta tipolog\u00eda se incluyen:<\/p>\n<p>o Ajustes de volumen de reproductores de v\u00eddeo o sonido.<\/p>\n<p>o Las velocidades de transmisi\u00f3n de v\u00eddeo que sean compatibles con su navegador.<\/p>\n<p><strong>Cookies de anal\u00edtica: <\/strong>Cada vez que un Usuario visita una Web o Servicio, una herramienta de un proveedor externo (Google Analytics, comScore y similares) genera una cookie anal\u00edtica en el dispositivo del usuario. Esta cookie que s\u00f3lo se genera en la visita, servir\u00e1 en pr\u00f3ximas visitas a los servicios para identificar de forma an\u00f3nima al visitante. Los objetivos principales que se persiguen son:<\/p>\n<p>\uf0b7 Permitir la identificaci\u00f3n an\u00f3nima de los usuarios navegantes a trav\u00e9s de la \u00abCookie\u00bb (identifica navegadores y dispositivos, no personas) y por lo tanto la contabilizaci\u00f3n aproximada del n\u00famero de visitantes y su tendencia en el tiempo.<\/p>\n<p>\uf0b7 Identificar de forma an\u00f3nima los contenidos m\u00e1s visitados y por lo tanto m\u00e1s atractivos para los usuarios<\/p>\n<p>\uf0b7 Saber si el usuario que est\u00e1 accediendo es nuevo o repite visita.<\/p>\n<p>Importante: Salvo que el Usuario decida registrarse en la we, la cookie nunca ir\u00e1 asociada a ning\u00fan dato de car\u00e1cter personal que pueda identificarle. Dichas cookies s\u00f3lo ser\u00e1n utilizadas con prop\u00f3sitos estad\u00edsticos que ayuden a la optimizaci\u00f3n de la experiencia de los usuarios en el sitio.<\/p>\n<p>M\u00e1s informaci\u00f3n sobre la pol\u00edtica de privacidad de estas herramientas de anal\u00edtica en: Google Analytics<\/p>\n<p><strong>Cookies de publicidad: <\/strong>este tipo de cookies permiten ampliar la informaci\u00f3n de los anuncios mostrados a cada usuario an\u00f3nimo en la web. Entre otros, se almacena la duraci\u00f3n o frecuencia de visualizaci\u00f3n de posiciones publicitarias, la interacci\u00f3n con las mismas, o los patrones de navegaci\u00f3n y\/o comportamientos del usuario ya que ayudan a conformar un perfil de inter\u00e9s publicitario. De este modo, permiten ofrecer publicidad af\u00edn a los intereses del usuario.<\/p>\n<p>Para la gesti\u00f3n de la publicidad se utilizan herramientas de servicio de publicidad (Adservers \u2013 http:\/\/es.wikipedia.org\/wiki\/Adserver\u00bb) de terceros. Estos terceros pueden almacenar cookies enviadas desde la web procedentes de los navegadores de los usuarios, as\u00ed como acceder a los datos que en ellas se guardan.<\/p>\n<p>Las empresas que generan estas Cookies tienen sus propias pol\u00edticas de privacidad.<\/p>\n<p><strong>Cookies de redes sociales<\/strong>: las cookies de redes sociales recogen informaci\u00f3n sobre el uso de las redes sociales, para crear tu perfil.<\/p>\n<p><strong><em>FORMA DE ACEPTAR, DENEGAR, REVOCAR EL CONSENTIMIENTO O ELIMINAR LAS COOKIES <\/em><\/strong><\/p>\n<p>Se permite al usuario la posibilidad de otorgar o denegar su consentimiento al uso de cookies a trav\u00e9s de un aviso informativo que aparece en la pantalla al acceder por primera vez al sitio web. El aviso, se mantendr\u00e1 hasta que se otorgue el consentimiento, lo deniegue o configure las cookies seg\u00fan sus preferencias personales.<\/p>\n<p>El usuario podr\u00e1 retirar el consentimiento previamente otorgado o configurar las cookies en cualquier momento mediante el panel de configuraci\u00f3n.<\/p>\n<p>Mediante este panel, el usuario puede optar entre aceptar o no las cookies utilizadas, as\u00ed como configurarlas en cualquier momento.<\/p>\n<p>Le informamos que <strong>ASOCIACION DE TENIS LAS TORRES <\/strong>utiliza cookies propias y de terceros para activar funciones b\u00e1sicas de navegaci\u00f3n, as\u00ed como para analizar la navegaci\u00f3n de los usuarios por el sitio web y el uso de los servicios y productos que en \u00e9l se ofrecen.<\/p>\n<p>De conformidad con las normativas aplicables en materia de cookies, podemos almacenar cookies en el dispositivo del usuario si son estrictamente necesarias para el<\/p>\n<p>funcionamiento de esta p\u00e1gina. Para todos los dem\u00e1s tipos de cookies, debemos solicitar el consentimiento.<\/p>\n<table cellspacing=\"0\" cellpadding=\"0\">\n<tbody>\n<tr>\n<td valign=\"top\">\n<p>A continuaci\u00f3n, se explican algunas de las cookies que utilizamos y por qu\u00e9 las utilizamos: <strong>Cookie <\/strong><\/p>\n<\/td>\n<td valign=\"top\">\n<p><strong>Tipo <\/strong><\/p>\n<\/td>\n<td valign=\"top\">\n<p><strong>Finalidad <\/strong><\/p>\n<\/td>\n<td valign=\"top\">\n<p><strong>Caducidad <\/strong><\/p>\n<\/td>\n<\/tr>\n<tr>\n<td valign=\"top\">\n<p>_ga<\/p>\n<\/td>\n<td valign=\"top\">\n<p>TERCEROS (Google Analytics) Anal\u00edtica y seguimiento<\/p>\n<\/td>\n<td valign=\"top\">\n<p>Son aquellas que, bien tratadas por el titular del sitio, o por terceros, permiten cuantificar el n\u00famero de usuarios<\/p>\n<p>y as\u00ed realizar la medici\u00f3n y an\u00e1lisis estad\u00edstico de la utilizaci\u00f3n, que hacen los usuarios del servicio ofertado. Para ello se analiza su navegaci\u00f3n en la p\u00e1gina web, con el fin de mejorar la oferta de productos o de servicios que le ofrecemos.<\/p>\n<\/td>\n<td valign=\"top\">\n<p>2 a\u00f1os<\/p>\n<\/td>\n<\/tr>\n<tr>\n<td valign=\"top\">\n<p>_gid<\/p>\n<\/td>\n<td valign=\"top\">\n<p>TERCEROS (Google Analytics) Anal\u00edtica y seguimiento<\/p>\n<\/td>\n<td valign=\"top\">\n<p>Son aquellas que, bien tratadas por el titular del sitio, o por terceros, permiten cuantificar el n\u00famero de usuarios<\/p>\n<p>y as\u00ed realizar la medici\u00f3n y an\u00e1lisis estad\u00edstico de la utilizaci\u00f3n, que hacen los usuarios del servicio ofertado. Para ello se analiza su navegaci\u00f3n en la p\u00e1gina web, con el fin de mejorar la oferta de productos o de servicios que le ofrecemos.<\/p>\n<\/td>\n<td valign=\"top\">\n<p>2 d\u00edas<\/p>\n<\/td>\n<\/tr>\n<tr>\n<td valign=\"top\">\n<p>_dc_gtm_UA-[Id_sitio]<\/p>\n<\/td>\n<td valign=\"top\">\n<p>TERCEROS (Google Tag Manager) Anal\u00edtica y seguimiento<\/p>\n<\/td>\n<td valign=\"top\">\n<p>Se utiliza para a\u00f1adir el c\u00f3digo de seguimiento de Google Analytics desde Google Tag Manager<\/p>\n<\/td>\n<td valign=\"top\">\n<p>1 hora<\/p>\n<\/td>\n<\/tr>\n<tr>\n<td valign=\"top\">\n<p>cookies_box_accepted<\/p>\n<\/td>\n<td valign=\"top\">\n<p>PROPIA<\/p>\n<\/td>\n<td valign=\"top\">\n<p>Almacena si el usuario ha aceptado la pol\u00edtica de cookies y qu\u00e9 tipo de cookies acepta.<\/p>\n<\/td>\n<td valign=\"top\">\n<p>7 d\u00edas<\/p>\n<\/td>\n<\/tr>\n<\/tbody>\n<\/table>\n","protected":false},"excerpt":{"rendered":"<p>POL\u00cdTICA DE COOKIES En cumplimiento de la Ley 34\/2002, de 11 de julio, de Servicios de la Sociedad de la Informaci\u00f3n y Comercio Electr\u00f3nico le informamos de que este sitio web, al igual que la mayor\u00eda de los sitios en Internet, usa Cookies para mejorar y optimizar la experiencia del usuario. A continuaci\u00f3n, encontrar\u00e1 informaci\u00f3n &hellip; <a href=\"https:\/\/tenislastorres.com\/tenis\/politica-de-cookies\/\" class=\"more-link\">Seguir leyendo <span class=\"screen-reader-text\">Pol\u00edtica de Cookies<\/span> <span class=\"meta-nav\">&rarr;<\/span><\/a><\/p>\n","protected":false},"author":1,"featured_media":0,"parent":0,"menu_order":0,"comment_status":"closed","ping_status":"closed","template":"","meta":{"footnotes":""},"class_list":["post-4122","page","type-page","status-publish","hentry"],"_links":{"self":[{"href":"https:\/\/tenislastorres.com\/tenis\/wp-json\/wp\/v2\/pages\/4122","targetHints":{"allow":["GET"]}}],"collection":[{"href":"https:\/\/tenislastorres.com\/tenis\/wp-json\/wp\/v2\/pages"}],"about":[{"href":"https:\/\/tenislastorres.com\/tenis\/wp-json\/wp\/v2\/types\/page"}],"author":[{"embeddable":true,"href":"https:\/\/tenislastorres.com\/tenis\/wp-json\/wp\/v2\/users\/1"}],"replies":[{"embeddable":true,"href":"https:\/\/tenislastorres.com\/tenis\/wp-json\/wp\/v2\/comments?post=4122"}],"version-history":[{"count":1,"href":"https:\/\/tenislastorres.com\/tenis\/wp-json\/wp\/v2\/pages\/4122\/revisions"}],"predecessor-version":[{"id":4123,"href":"https:\/\/tenislastorres.com\/tenis\/wp-json\/wp\/v2\/pages\/4122\/revisions\/4123"}],"wp:attachment":[{"href":"https:\/\/tenislastorres.com\/tenis\/wp-json\/wp\/v2\/media?parent=4122"}],"curies":[{"name":"wp","href":"https:\/\/api.w.org\/{rel}","templated":true}]}}