{"id":2453,"date":"2017-03-20T19:30:59","date_gmt":"2017-03-20T18:30:59","guid":{"rendered":"http:\/\/tenislastorres.com\/tenis\/?page_id=2453"},"modified":"2025-07-31T08:54:47","modified_gmt":"2025-07-31T07:54:47","slug":"clasificacion-2015","status":"publish","type":"page","link":"https:\/\/tenislastorres.com\/tenis\/clasificacion-2015\/","title":{"rendered":"clasificaci\u00f3n 2015"},"content":{"rendered":"<table width=\"331\">\n<tbody>\n<tr>\n<td style=\"text-align: center;\" width=\"35\"><strong>N\u00ba<\/strong><\/td>\n<td style=\"text-align: center;\" width=\"232\"><strong>JUGADOR<\/strong><\/td>\n<td style=\"text-align: center;\" width=\"64\"><strong>Total Ptos.<\/strong><\/td>\n<\/tr>\n<tr>\n<td style=\"text-align: center;\">1<\/td>\n<td style=\"text-align: center;\">ABEL GARCIA LOPEZ<\/td>\n<td style=\"text-align: center;\">241<\/td>\n<\/tr>\n<tr>\n<td style=\"text-align: center;\">2<\/td>\n<td style=\"text-align: center;\">JOSE TOMAS BLAYA VIVO<\/td>\n<td style=\"text-align: center;\">210<\/td>\n<\/tr>\n<tr>\n<td style=\"text-align: center;\">3<\/td>\n<td style=\"text-align: center;\">MANOLO NAVARRO LIDON<\/td>\n<td style=\"text-align: center;\">208<\/td>\n<\/tr>\n<tr>\n<td style=\"text-align: center;\">4<\/td>\n<td style=\"text-align: center;\">FCO. GINES INIESTA MAYOL<\/td>\n<td style=\"text-align: center;\">207<\/td>\n<\/tr>\n<tr>\n<td style=\"text-align: center;\">5<\/td>\n<td style=\"text-align: center;\">CANDIDO OSSORIO DE LA PARTE<\/td>\n<td style=\"text-align: center;\">200<\/td>\n<\/tr>\n<tr>\n<td style=\"text-align: center;\">6<\/td>\n<td style=\"text-align: center;\">FRANCISCO RUIZ SANCHEZ<\/td>\n<td style=\"text-align: center;\">198<\/td>\n<\/tr>\n<tr>\n<td style=\"text-align: center;\">7<\/td>\n<td style=\"text-align: center;\">JUSTO MU\u00d1OZ MENGUAL<\/td>\n<td style=\"text-align: center;\">197<\/td>\n<\/tr>\n<tr>\n<td style=\"text-align: center;\">8<\/td>\n<td style=\"text-align: center;\">JOSE ANTONIO GIL PAG\u00c1N<\/td>\n<td style=\"text-align: center;\">196<\/td>\n<\/tr>\n<tr>\n<td style=\"text-align: center;\">9<\/td>\n<td style=\"text-align: center;\">ALFONSO GAMBIN G\u00d3MEZ<\/td>\n<td style=\"text-align: center;\">194<\/td>\n<\/tr>\n<tr>\n<td style=\"text-align: center;\">10<\/td>\n<td style=\"text-align: center;\">PEPE MARTINEZ NAVARRO<\/td>\n<td style=\"text-align: center;\">193<\/td>\n<\/tr>\n<tr>\n<td style=\"text-align: center;\">11<\/td>\n<td style=\"text-align: center;\">ANTONIO BARQUERO SANCHEZ<\/td>\n<td style=\"text-align: center;\">192<\/td>\n<\/tr>\n<tr>\n<td style=\"text-align: center;\">12<\/td>\n<td style=\"text-align: center;\">JUAN SALVADOR PARRAGA<\/td>\n<td style=\"text-align: center;\">190<\/td>\n<\/tr>\n<tr>\n<td style=\"text-align: center;\">13<\/td>\n<td style=\"text-align: center;\">ANGEL ABELLAN SERRANO<\/td>\n<td style=\"text-align: center;\">187<\/td>\n<\/tr>\n<tr>\n<td style=\"text-align: center;\">14<\/td>\n<td style=\"text-align: center;\">ROMAN MARTI DIAZ<\/td>\n<td style=\"text-align: center;\">181<\/td>\n<\/tr>\n<tr>\n<td style=\"text-align: center;\">15<\/td>\n<td style=\"text-align: center;\">ANTONIO FUENTES MARTINEZ<\/td>\n<td style=\"text-align: center;\">180<\/td>\n<\/tr>\n<tr>\n<td style=\"text-align: center;\">16<\/td>\n<td style=\"text-align: center;\">JOSE CARLOS RICO REQUENA<\/td>\n<td style=\"text-align: center;\">179<\/td>\n<\/tr>\n<tr>\n<td style=\"text-align: center;\">17<\/td>\n<td style=\"text-align: center;\">DANIEL TEVAR TEVAR<\/td>\n<td style=\"text-align: center;\">177<\/td>\n<\/tr>\n<tr>\n<td style=\"text-align: center;\">18<\/td>\n<td style=\"text-align: center;\">BARTOLO OT\u00c1LORA ALVAREZ<\/td>\n<td style=\"text-align: center;\">176<\/td>\n<\/tr>\n<tr>\n<td style=\"text-align: center;\">19<\/td>\n<td style=\"text-align: center;\">PACO LOPEZ PLANES<\/td>\n<td style=\"text-align: center;\">175<\/td>\n<\/tr>\n<tr>\n<td style=\"text-align: center;\">19<\/td>\n<td style=\"text-align: center;\">SERGIO ROMERO PIQUERAS<\/td>\n<td style=\"text-align: center;\">175<\/td>\n<\/tr>\n<tr>\n<td style=\"text-align: center;\">21<\/td>\n<td style=\"text-align: center;\">JOS\u00c9 LUIS GOMEZ NICOL\u00c1S<\/td>\n<td style=\"text-align: center;\">165<\/td>\n<\/tr>\n<tr>\n<td style=\"text-align: center;\">22<\/td>\n<td style=\"text-align: center;\">NACHO ALIAGA ORTOLA<\/td>\n<td style=\"text-align: center;\">160<\/td>\n<\/tr>\n<tr>\n<td style=\"text-align: center;\">23<\/td>\n<td style=\"text-align: center;\">GINES PERNIAS BERMUDEZ<\/td>\n<td style=\"text-align: center;\">128<\/td>\n<\/tr>\n<tr>\n<td style=\"text-align: center;\">24<\/td>\n<td style=\"text-align: center;\">CESAR ORTEGA MARTINEZ<\/td>\n<td style=\"text-align: center;\">127<\/td>\n<\/tr>\n<tr>\n<td style=\"text-align: center;\">25<\/td>\n<td style=\"text-align: center;\">LUIS FERNANDEZ CORBAL\u00c1N<\/td>\n<td style=\"text-align: center;\">125<\/td>\n<\/tr>\n<tr>\n<td style=\"text-align: center;\">26<\/td>\n<td style=\"text-align: center;\">DANIEL CA\u00d1ETE CONEJERO<\/td>\n<td style=\"text-align: center;\">123<\/td>\n<\/tr>\n<tr>\n<td style=\"text-align: center;\">27<\/td>\n<td style=\"text-align: center;\">SILVIO A. CARRILLO<\/td>\n<td style=\"text-align: center;\">121<\/td>\n<\/tr>\n<tr>\n<td style=\"text-align: center;\">28<\/td>\n<td style=\"text-align: center;\">FRANCISCO HERNANDEZ AND.<\/td>\n<td style=\"text-align: center;\">119<\/td>\n<\/tr>\n<tr>\n<td style=\"text-align: center;\">29<\/td>\n<td style=\"text-align: center;\">PABLO DE LA CALLE MAS<\/td>\n<td style=\"text-align: center;\">117<\/td>\n<\/tr>\n<tr>\n<td style=\"text-align: center;\">29<\/td>\n<td style=\"text-align: center;\">ANDRES CAMACHO BARQUERO<\/td>\n<td style=\"text-align: center;\">117<\/td>\n<\/tr>\n<tr>\n<td style=\"text-align: center;\">31<\/td>\n<td style=\"text-align: center;\">JOSE ANTONIO FUENTES BAEZA<\/td>\n<td style=\"text-align: center;\">116<\/td>\n<\/tr>\n<tr>\n<td style=\"text-align: center;\">31<\/td>\n<td style=\"text-align: center;\">VICTOR RONCERO<\/td>\n<td style=\"text-align: center;\">116<\/td>\n<\/tr>\n<tr>\n<td style=\"text-align: center;\">32<\/td>\n<td style=\"text-align: center;\">CARLOS SANDOVAL RUIZ<\/td>\n<td style=\"text-align: center;\">115<\/td>\n<\/tr>\n<tr>\n<td style=\"text-align: center;\">33<\/td>\n<td style=\"text-align: center;\">PEPE VICENTE VICENTE<\/td>\n<td style=\"text-align: center;\">113<\/td>\n<\/tr>\n<tr>\n<td style=\"text-align: center;\">34<\/td>\n<td style=\"text-align: center;\">FCO. JAVIER ALC\u00c1ZAR<\/td>\n<td style=\"text-align: center;\">112<\/td>\n<\/tr>\n<tr>\n<td style=\"text-align: center;\">35<\/td>\n<td style=\"text-align: center;\">FCO.JOSE PUJANTE NOGUERA<\/td>\n<td style=\"text-align: center;\">111<\/td>\n<\/tr>\n<tr>\n<td style=\"text-align: center;\">35<\/td>\n<td style=\"text-align: center;\">JOS\u00c9 IGNACIO MARTINEZ<\/td>\n<td style=\"text-align: center;\">111<\/td>\n<\/tr>\n<tr>\n<td style=\"text-align: center;\">37<\/td>\n<td style=\"text-align: center;\">JORGE PE\u00d1AS COLOMINA<\/td>\n<td style=\"text-align: center;\">110<\/td>\n<\/tr>\n<tr>\n<td style=\"text-align: center;\">38<\/td>\n<td style=\"text-align: center;\">ANTONIO LUQUE MUELAS<\/td>\n<td style=\"text-align: center;\">107<\/td>\n<\/tr>\n<tr>\n<td style=\"text-align: center;\">39<\/td>\n<td style=\"text-align: center;\">FCO. JAVIER MOLT\u00d3<\/td>\n<td style=\"text-align: center;\">103<\/td>\n<\/tr>\n<tr>\n<td style=\"text-align: center;\">40<\/td>\n<td style=\"text-align: center;\">PASCUAL MERO\u00d1O MARTINEZ<\/td>\n<td style=\"text-align: center;\">102<\/td>\n<\/tr>\n<tr>\n<td style=\"text-align: center;\">41<\/td>\n<td style=\"text-align: center;\">JAVIER ORTIZ GARCIA<\/td>\n<td style=\"text-align: center;\">100<\/td>\n<\/tr>\n<tr>\n<td style=\"text-align: center;\">42<\/td>\n<td style=\"text-align: center;\">ISMAEL GOMEZ ZAPATA<\/td>\n<td style=\"text-align: center;\">99<\/td>\n<\/tr>\n<tr>\n<td style=\"text-align: center;\">43<\/td>\n<td style=\"text-align: center;\">AGUSTIN C\u00c1NOVAS<\/td>\n<td style=\"text-align: center;\">98<\/td>\n<\/tr>\n<tr>\n<td style=\"text-align: center;\">44<\/td>\n<td style=\"text-align: center;\">ANTONIO FCO. MARTINEZ DOL.<\/td>\n<td style=\"text-align: center;\">97<\/td>\n<\/tr>\n<tr>\n<td style=\"text-align: center;\">45<\/td>\n<td style=\"text-align: center;\">JOSE SERNA FERNANDEZ<\/td>\n<td style=\"text-align: center;\">96<\/td>\n<\/tr>\n<tr>\n<td style=\"text-align: center;\">46<\/td>\n<td style=\"text-align: center;\">SERGIO LOPEZ LOZANO<\/td>\n<td style=\"text-align: center;\">93<\/td>\n<\/tr>\n<tr>\n<td style=\"text-align: center;\">46<\/td>\n<td style=\"text-align: center;\">FCO.JOS\u00c9 BREIS L\u00d3PEZ<\/td>\n<td style=\"text-align: center;\">93<\/td>\n<\/tr>\n<tr>\n<td style=\"text-align: center;\">48<\/td>\n<td style=\"text-align: center;\">LUIS FERNANDEZ LOPEZ<\/td>\n<td style=\"text-align: center;\">87<\/td>\n<\/tr>\n<tr>\n<td style=\"text-align: center;\">49<\/td>\n<td style=\"text-align: center;\">JESUS GOMEZ MOLINA<\/td>\n<td style=\"text-align: center;\">86<\/td>\n<\/tr>\n<tr>\n<td style=\"text-align: center;\">50<\/td>\n<td style=\"text-align: center;\">JOSE BARQUERO BELTRAN<\/td>\n<td style=\"text-align: center;\">85<\/td>\n<\/tr>\n<tr>\n<td style=\"text-align: center;\">50<\/td>\n<td style=\"text-align: center;\">SERGIO MART\u00cd SORIANO<\/td>\n<td style=\"text-align: center;\">85<\/td>\n<\/tr>\n<tr>\n<td style=\"text-align: center;\">52<\/td>\n<td style=\"text-align: center;\">FULGENCIO ORENES PACHECO<\/td>\n<td style=\"text-align: center;\">84<\/td>\n<\/tr>\n<tr>\n<td style=\"text-align: center;\">53<\/td>\n<td style=\"text-align: center;\">JOSE CARLOS SAMPER PARDO<\/td>\n<td style=\"text-align: center;\">83<\/td>\n<\/tr>\n<tr>\n<td style=\"text-align: center;\">54<\/td>\n<td style=\"text-align: center;\">MARIANO SAMPER PARDO<\/td>\n<td style=\"text-align: center;\">82<\/td>\n<\/tr>\n<tr>\n<td style=\"text-align: center;\">55<\/td>\n<td style=\"text-align: center;\">GUILLERMO METCALFE<\/td>\n<td style=\"text-align: center;\">81<\/td>\n<\/tr>\n<tr>\n<td style=\"text-align: center;\">55<\/td>\n<td style=\"text-align: center;\">JULIAN CEACERO BAUTISTA<\/td>\n<td style=\"text-align: center;\">81<\/td>\n<\/tr>\n<tr>\n<td style=\"text-align: center;\">55<\/td>\n<td style=\"text-align: center;\">ROQUE GUILLEN PEREZ<\/td>\n<td style=\"text-align: center;\">81<\/td>\n<\/tr>\n<tr>\n<td style=\"text-align: center;\">58<\/td>\n<td style=\"text-align: center;\">JULIO LOPEZ LLAMAS<\/td>\n<td style=\"text-align: center;\">79<\/td>\n<\/tr>\n<tr>\n<td style=\"text-align: center;\">58<\/td>\n<td style=\"text-align: center;\">JOSE GAMB\u00cdN BELTRAN<\/td>\n<td style=\"text-align: center;\">79<\/td>\n<\/tr>\n<tr>\n<td style=\"text-align: center;\">60<\/td>\n<td style=\"text-align: center;\">PEDRO JOS\u00c9 ORTU\u00d1O CAMPILLO<\/td>\n<td style=\"text-align: center;\">78<\/td>\n<\/tr>\n<tr>\n<td style=\"text-align: center;\">61<\/td>\n<td style=\"text-align: center;\">ISIDORO JESUS CASANOVA<\/td>\n<td style=\"text-align: center;\">76<\/td>\n<\/tr>\n<tr>\n<td style=\"text-align: center;\">62<\/td>\n<td style=\"text-align: center;\">JOSE LUIS MENDOZA GLEZ.<\/td>\n<td style=\"text-align: center;\">75<\/td>\n<\/tr>\n<tr>\n<td style=\"text-align: center;\">63<\/td>\n<td style=\"text-align: center;\">ALBERTO CASTILLO PONCE<\/td>\n<td style=\"text-align: center;\">74<\/td>\n<\/tr>\n<tr>\n<td style=\"text-align: center;\">64<\/td>\n<td style=\"text-align: center;\">ANTONIO ALMAGRO<\/td>\n<td style=\"text-align: center;\">73<\/td>\n<\/tr>\n<tr>\n<td style=\"text-align: center;\">65<\/td>\n<td style=\"text-align: center;\">GINES HIDALGO BRAO<\/td>\n<td style=\"text-align: center;\">72<\/td>\n<\/tr>\n<tr>\n<td style=\"text-align: center;\">65<\/td>\n<td style=\"text-align: center;\">JOAQUIN MORENO<\/td>\n<td style=\"text-align: center;\">72<\/td>\n<\/tr>\n<tr>\n<td style=\"text-align: center;\">67<\/td>\n<td style=\"text-align: center;\">JOSE ANTONIO DOLERA BA\u00d1O<\/td>\n<td style=\"text-align: center;\">71<\/td>\n<\/tr>\n<tr>\n<td style=\"text-align: center;\">67<\/td>\n<td style=\"text-align: center;\">MIGUEL PAY TORREGROSA<\/td>\n<td style=\"text-align: center;\">71<\/td>\n<\/tr>\n<tr>\n<td style=\"text-align: center;\">67<\/td>\n<td style=\"text-align: center;\">DANIEL MARTINEZ GARCIA<\/td>\n<td style=\"text-align: center;\">71<\/td>\n<\/tr>\n<tr>\n<td style=\"text-align: center;\">70<\/td>\n<td style=\"text-align: center;\">ONOFRE GONZALEZ LLAMAS<\/td>\n<td style=\"text-align: center;\">70<\/td>\n<\/tr>\n<tr>\n<td style=\"text-align: center;\">71<\/td>\n<td style=\"text-align: center;\">EUSTAQUIO CASCALES FLOREN<\/td>\n<td style=\"text-align: center;\">69<\/td>\n<\/tr>\n<tr>\n<td style=\"text-align: center;\">71<\/td>\n<td style=\"text-align: center;\">JULIAN GOMEZ MARTINEZ<\/td>\n<td style=\"text-align: center;\">69<\/td>\n<\/tr>\n<tr>\n<td style=\"text-align: center;\">73<\/td>\n<td style=\"text-align: center;\">LORENZO JIMENEZ HDEZ.<\/td>\n<td style=\"text-align: center;\">67<\/td>\n<\/tr>\n<tr>\n<td style=\"text-align: center;\">73<\/td>\n<td style=\"text-align: center;\">ALEJANDRO SANCHEZ PAY<\/td>\n<td style=\"text-align: center;\">67<\/td>\n<\/tr>\n<tr>\n<td style=\"text-align: center;\">73<\/td>\n<td style=\"text-align: center;\">JOS\u00c9 L\u00d3PEZ BALIBREA<\/td>\n<td style=\"text-align: center;\">67<\/td>\n<\/tr>\n<tr>\n<td style=\"text-align: center;\">76<\/td>\n<td style=\"text-align: center;\">PABLO LEANTE CASTELLANO<\/td>\n<td style=\"text-align: center;\">66<\/td>\n<\/tr>\n<tr>\n<td style=\"text-align: center;\">76<\/td>\n<td style=\"text-align: center;\">PEDRO CABRERA CONTRERAS<\/td>\n<td style=\"text-align: center;\">66<\/td>\n<\/tr>\n<tr>\n<td style=\"text-align: center;\">78<\/td>\n<td style=\"text-align: center;\">JESUS MIGUEL CARAVACA<\/td>\n<td style=\"text-align: center;\">64<\/td>\n<\/tr>\n<tr>\n<td style=\"text-align: center;\">79<\/td>\n<td style=\"text-align: center;\">FULGENCIO VICENTE MOLINA<\/td>\n<td style=\"text-align: center;\">63<\/td>\n<\/tr>\n<tr>\n<td style=\"text-align: center;\">80<\/td>\n<td style=\"text-align: center;\">JAVIER MARTINEZ PERIS<\/td>\n<td style=\"text-align: center;\">62<\/td>\n<\/tr>\n<tr>\n<td style=\"text-align: center;\">81<\/td>\n<td style=\"text-align: center;\">JOSE ANTONIO AZNAR LAJARIN<\/td>\n<td style=\"text-align: center;\">61<\/td>\n<\/tr>\n<tr>\n<td style=\"text-align: center;\">82<\/td>\n<td style=\"text-align: center;\">MANUEL MTEZ. MARTINEZ<\/td>\n<td style=\"text-align: center;\">60<\/td>\n<\/tr>\n<tr>\n<td style=\"text-align: center;\">83<\/td>\n<td style=\"text-align: center;\">JOSE ANTONIO GRANADOS<\/td>\n<td style=\"text-align: center;\">57<\/td>\n<\/tr>\n<tr>\n<td style=\"text-align: center;\">83<\/td>\n<td style=\"text-align: center;\">PEDRO ANGEL SALES MTEZ.<\/td>\n<td style=\"text-align: center;\">57<\/td>\n<\/tr>\n<tr>\n<td style=\"text-align: center;\">85<\/td>\n<td style=\"text-align: center;\">JOSE LUIS LEANTE CASTELLANO<\/td>\n<td style=\"text-align: center;\">54<\/td>\n<\/tr>\n<tr>\n<td style=\"text-align: center;\">86<\/td>\n<td style=\"text-align: center;\">DANIEL G\u00d3MEZ MAR\u00cdN<\/td>\n<td style=\"text-align: center;\">52<\/td>\n<\/tr>\n<tr>\n<td style=\"text-align: center;\">87<\/td>\n<td style=\"text-align: center;\">EDUARDO BALLESTA MATA<\/td>\n<td style=\"text-align: center;\">51<\/td>\n<\/tr>\n<tr>\n<td style=\"text-align: center;\">88<\/td>\n<td style=\"text-align: center;\">JESUS BARQUILLA ARIAS<\/td>\n<td style=\"text-align: center;\">46<\/td>\n<\/tr>\n<tr>\n<td style=\"text-align: center;\">89<\/td>\n<td style=\"text-align: center;\">JESUS DOLERA CONTRERAS<\/td>\n<td style=\"text-align: center;\">45<\/td>\n<\/tr>\n<tr>\n<td style=\"text-align: center;\">90<\/td>\n<td style=\"text-align: center;\">JOSE ANTONIO CONTRERAS<\/td>\n<td style=\"text-align: center;\">44<\/td>\n<\/tr>\n<tr>\n<td style=\"text-align: center;\">91<\/td>\n<td style=\"text-align: center;\">JOS\u00c9 ANTONIO SOLANO<\/td>\n<td style=\"text-align: center;\">41<\/td>\n<\/tr>\n<tr>\n<td style=\"text-align: center;\">91<\/td>\n<td style=\"text-align: center;\">JUAN CARLOS PEREZ LOPEZ<\/td>\n<td style=\"text-align: center;\">41<\/td>\n<\/tr>\n<tr>\n<td style=\"text-align: center;\">91<\/td>\n<td style=\"text-align: center;\">ROBERTO CARLOS ESPINOSA<\/td>\n<td style=\"text-align: center;\">41<\/td>\n<\/tr>\n<tr>\n<td style=\"text-align: center;\">94<\/td>\n<td style=\"text-align: center;\">EDUARDO LOPEZ NAVARRO<\/td>\n<td style=\"text-align: center;\">40<\/td>\n<\/tr>\n<tr>\n<td style=\"text-align: center;\">95<\/td>\n<td style=\"text-align: center;\">JESUS BERMEJO MONTORO<\/td>\n<td style=\"text-align: center;\">37<\/td>\n<\/tr>\n<tr>\n<td style=\"text-align: center;\">96<\/td>\n<td style=\"text-align: center;\">JUAN AGUSTIN BRAVO<\/td>\n<td style=\"text-align: center;\">36<\/td>\n<\/tr>\n<tr>\n<td style=\"text-align: center;\">96<\/td>\n<td style=\"text-align: center;\">JAVIER PUJOL OLIVA<\/td>\n<td style=\"text-align: center;\">36<\/td>\n<\/tr>\n<tr>\n<td style=\"text-align: center;\">98<\/td>\n<td style=\"text-align: center;\">JESUS BELTRAN GARCIA<\/td>\n<td style=\"text-align: center;\">35<\/td>\n<\/tr>\n<tr>\n<td style=\"text-align: center;\">98<\/td>\n<td style=\"text-align: center;\">JOSE ANDRES BERNAL<\/td>\n<td style=\"text-align: center;\">35<\/td>\n<\/tr>\n<tr>\n<td style=\"text-align: center;\">100<\/td>\n<td style=\"text-align: center;\">OLEGARIO BREIS DE LOS SANT.<\/td>\n<td style=\"text-align: center;\">34<\/td>\n<\/tr>\n<tr>\n<td style=\"text-align: center;\">101<\/td>\n<td style=\"text-align: center;\">JOSE ANTONIO VIDAL PUJANTE<\/td>\n<td style=\"text-align: center;\">33<\/td>\n<\/tr>\n<tr>\n<td style=\"text-align: center;\">101<\/td>\n<td style=\"text-align: center;\">DAVID SAMPER O\u00d1ATE<\/td>\n<td style=\"text-align: center;\">33<\/td>\n<\/tr>\n<tr>\n<td style=\"text-align: center;\">103<\/td>\n<td style=\"text-align: center;\">JUAN CARLOS JIMENEZ<\/td>\n<td style=\"text-align: center;\">32<\/td>\n<\/tr>\n<tr>\n<td style=\"text-align: center;\">103<\/td>\n<td style=\"text-align: center;\">GREGORIO MAR\u00cdN NAVARRO<\/td>\n<td style=\"text-align: center;\">32<\/td>\n<\/tr>\n<tr>\n<td style=\"text-align: center;\">105<\/td>\n<td style=\"text-align: center;\">JORGE SALES MARTINEZ<\/td>\n<td style=\"text-align: center;\">31<\/td>\n<\/tr>\n<tr>\n<td style=\"text-align: center;\">106<\/td>\n<td style=\"text-align: center;\">SERGIO BELDA CARAVACA<\/td>\n<td style=\"text-align: center;\">27<\/td>\n<\/tr>\n<tr>\n<td style=\"text-align: center;\">107<\/td>\n<td style=\"text-align: center;\">MIGUEL MOLINA SARABIA<\/td>\n<td style=\"text-align: center;\">26<\/td>\n<\/tr>\n<tr>\n<td style=\"text-align: center;\">108<\/td>\n<td style=\"text-align: center;\">PEPE FERNANDEZ SANCHEZ<\/td>\n<td style=\"text-align: center;\">25<\/td>\n<\/tr>\n<tr>\n<td style=\"text-align: center;\">108<\/td>\n<td style=\"text-align: center;\">JOS\u00c9 LUIS MENDOZA ALBALAD.<\/td>\n<td style=\"text-align: center;\">25<\/td>\n<\/tr>\n<tr>\n<td style=\"text-align: center;\">110<\/td>\n<td style=\"text-align: center;\">PACO ROS GOMEZ<\/td>\n<td style=\"text-align: center;\">24<\/td>\n<\/tr>\n<tr>\n<td style=\"text-align: center;\">110<\/td>\n<td style=\"text-align: center;\">JOSE TOMAS CAPEL<\/td>\n<td style=\"text-align: center;\">24<\/td>\n<\/tr>\n<tr>\n<td style=\"text-align: center;\">110<\/td>\n<td style=\"text-align: center;\">JUAN PEDRO MTEZ. DOMINGO<\/td>\n<td style=\"text-align: center;\">24<\/td>\n<\/tr>\n<tr>\n<td style=\"text-align: center;\">110<\/td>\n<td style=\"text-align: center;\">JUAN ANTONIO ESPARZA SOTO<\/td>\n<td style=\"text-align: center;\">24<\/td>\n<\/tr>\n<tr>\n<td style=\"text-align: center;\">114<\/td>\n<td style=\"text-align: center;\">PEPE FUENTES L\u00d3PEZ<\/td>\n<td style=\"text-align: center;\">22<\/td>\n<\/tr>\n<tr>\n<td style=\"text-align: center;\">114<\/td>\n<td style=\"text-align: center;\">FRANCISCO MART\u00cd SORIANO<\/td>\n<td style=\"text-align: center;\">22<\/td>\n<\/tr>\n<tr>\n<td style=\"text-align: center;\">114<\/td>\n<td style=\"text-align: center;\">JOSE MANUEL PAREJO<\/td>\n<td style=\"text-align: center;\">22<\/td>\n<\/tr>\n<tr>\n<td style=\"text-align: center;\">117<\/td>\n<td style=\"text-align: center;\">JUAN JOSE SANCHEZ<\/td>\n<td style=\"text-align: center;\">21<\/td>\n<\/tr>\n<tr>\n<td style=\"text-align: center;\">117<\/td>\n<td style=\"text-align: center;\">JOS\u00c9 MAR\u00cdN AYALA<\/td>\n<td style=\"text-align: center;\">21<\/td>\n<\/tr>\n<tr>\n<td style=\"text-align: center;\">119<\/td>\n<td style=\"text-align: center;\">DAVID MARIN JIMENEZ<\/td>\n<td style=\"text-align: center;\">20<\/td>\n<\/tr>\n<tr>\n<td style=\"text-align: center;\">120<\/td>\n<td style=\"text-align: center;\">PABLO CERD\u00c1 MARTINEZ<\/td>\n<td style=\"text-align: center;\">18<\/td>\n<\/tr>\n<tr>\n<td style=\"text-align: center;\">120<\/td>\n<td style=\"text-align: center;\">RAFA WERNER<\/td>\n<td style=\"text-align: center;\">18<\/td>\n<\/tr>\n<tr>\n<td style=\"text-align: center;\">120<\/td>\n<td style=\"text-align: center;\">PEDRO JOS\u00c9 ZAPATA MTEZ.<\/td>\n<td style=\"text-align: center;\">18<\/td>\n<\/tr>\n<tr>\n<td style=\"text-align: center;\">123<\/td>\n<td style=\"text-align: center;\">FRANCISCO ROS GOMEZ<\/td>\n<td style=\"text-align: center;\">17<\/td>\n<\/tr>\n<tr>\n<td style=\"text-align: center;\">123<\/td>\n<td style=\"text-align: center;\">VALENT\u00cdN MART\u00cdNEZ D\u00d3LERA<\/td>\n<td style=\"text-align: center;\">17<\/td>\n<\/tr>\n<tr>\n<td style=\"text-align: center;\">125<\/td>\n<td style=\"text-align: center;\">ALEJANDRO POZUELO MARTIN<\/td>\n<td style=\"text-align: center;\">16<\/td>\n<\/tr>\n<tr>\n<td style=\"text-align: center;\">125<\/td>\n<td style=\"text-align: center;\">JOSE MANUEL NOGUERA CARR.<\/td>\n<td style=\"text-align: center;\">16<\/td>\n<\/tr>\n<tr>\n<td style=\"text-align: center;\">125<\/td>\n<td style=\"text-align: center;\">ALBERTA MARTINEZ VAZQUEZ<\/td>\n<td style=\"text-align: center;\">16<\/td>\n<\/tr>\n<tr>\n<td style=\"text-align: center;\">125<\/td>\n<td style=\"text-align: center;\">JUAN ZAPATA<\/td>\n<td style=\"text-align: center;\">16<\/td>\n<\/tr>\n<tr>\n<td style=\"text-align: center;\">125<\/td>\n<td style=\"text-align: center;\">DAVID MARTINEZ BRAVO<\/td>\n<td style=\"text-align: center;\">16<\/td>\n<\/tr>\n<tr>\n<td style=\"text-align: center;\">130<\/td>\n<td style=\"text-align: center;\">EDUARDO ORTU\u00d1O CAMPILLO<\/td>\n<td style=\"text-align: center;\">15<\/td>\n<\/tr>\n<tr>\n<td style=\"text-align: center;\">131<\/td>\n<td style=\"text-align: center;\">JOS\u00c9 ANGEL P\u00c9REZ MA\u00cdQUEZ<\/td>\n<td style=\"text-align: center;\">14<\/td>\n<\/tr>\n<tr>\n<td style=\"text-align: center;\">132<\/td>\n<td style=\"text-align: center;\">CARMEN MARIA SANCHEZ<\/td>\n<td style=\"text-align: center;\">13<\/td>\n<\/tr>\n<tr>\n<td style=\"text-align: center;\">132<\/td>\n<td style=\"text-align: center;\">JUAN MARTINEZ ROMERO<\/td>\n<td style=\"text-align: center;\">13<\/td>\n<\/tr>\n<tr>\n<td style=\"text-align: center;\">134<\/td>\n<td style=\"text-align: center;\">SAUL GUILLEN<\/td>\n<td style=\"text-align: center;\">12<\/td>\n<\/tr>\n<\/tbody>\n<\/table>\n<p>&nbsp;<\/p>\n<p>SE LE ASIGNAR\u00c1 UN FIJO DE PUNTOS A CADA JUGADOR SEG\u00daN LA CATEGOR\u00cdA.<br \/>\nCAT. MASTER = 90 PUNTOS<br \/>\nCAT. HONOR = 70 PUNTOS<br \/>\n1\u00aa CATEGORIA = 50 PUNTOS<br \/>\n2\u00aa CATEGORIA = 30 PUNTOS<br \/>\n3\u00aa CATEGORIA = 10 PUNTOS<br \/>\nSE OTORGAR\u00c1 LA SUMA DE 1 PUNTO EN ORDEN INVERSO A LA CLASIFICACI\u00d3N OBTENIDA EN CADA CATEGOR\u00cdA. AS\u00cd PUES, EN UNA CATEGOR\u00cdA DE 14 JUGADORES, OBTENDR\u00c1 1 PUNTO EL \u00daLTIMO CLASIFICADO, 2 PUNTOS EL PEN\u00daLTIMO, Y AS\u00cd SUCESIVAMENTE HASTA EL PRIMERO QUE CONSEGUIR\u00cdA 14 PUNTOS. ADEM\u00c1S SE BONIFICAR\u00c1 AL CAMPE\u00d3N Y SUBCAMPE\u00d3N DE CADA CATEGOR\u00cdA CON:<br \/>\nCAMPE\u00d3N = 3 PUNTOS<br \/>\nSUBCAMP = 1 PUNTO<br \/>\nIGUALMENTE SE ASIGNAR\u00c1N 5 PUNTOS POR PARTICIPAR EN TORNEOS ORGANIZADOS POR LA ASOCIACION DE TENIS LAS TORRES ( 12 HORAS, DOBLES, TROFEO FIESTAS, ETC.), BONIFICANDO 1 PUNTO POR RONDA. AL CAMPE\u00d3N SE LE DAR\u00c1N 2 PUNTOS M\u00c1S, Y AL SUBCAMPE\u00d3N, 1 PUNTO M\u00c1S. S\u00d3LO COMPUTAR\u00c1N LOS DOS \u00daLTIMOS A\u00d1OS, REST\u00c1NDOSE LOS PUNTOS DE LOS A\u00d1OS ANTERIORES. PARA APARECER EN EL RANKING SE DEBE HABER PARTICIPADO AL MENOS EN UNA DE LAS DOS ULTIMAS LIGAS.<\/p>\n","protected":false},"excerpt":{"rendered":"<p>N\u00ba JUGADOR Total Ptos. 1 ABEL GARCIA LOPEZ 241 2 JOSE TOMAS BLAYA VIVO 210 3 MANOLO NAVARRO LIDON 208 4 FCO. GINES INIESTA MAYOL 207 5 CANDIDO OSSORIO DE LA PARTE 200 6 FRANCISCO RUIZ SANCHEZ 198 7 JUSTO MU\u00d1OZ MENGUAL 197 8 JOSE ANTONIO GIL PAG\u00c1N 196 9 ALFONSO GAMBIN G\u00d3MEZ 194 10 &hellip; <a href=\"https:\/\/tenislastorres.com\/tenis\/clasificacion-2015\/\" class=\"more-link\">Seguir leyendo <span class=\"screen-reader-text\">clasificaci\u00f3n 2015<\/span> <span class=\"meta-nav\">&rarr;<\/span><\/a><\/p>\n","protected":false},"author":1,"featured_media":0,"parent":0,"menu_order":0,"comment_status":"closed","ping_status":"closed","template":"","meta":{"footnotes":""},"class_list":["post-2453","page","type-page","status-publish","hentry"],"_links":{"self":[{"href":"https:\/\/tenislastorres.com\/tenis\/wp-json\/wp\/v2\/pages\/2453","targetHints":{"allow":["GET"]}}],"collection":[{"href":"https:\/\/tenislastorres.com\/tenis\/wp-json\/wp\/v2\/pages"}],"about":[{"href":"https:\/\/tenislastorres.com\/tenis\/wp-json\/wp\/v2\/types\/page"}],"author":[{"embeddable":true,"href":"https:\/\/tenislastorres.com\/tenis\/wp-json\/wp\/v2\/users\/1"}],"replies":[{"embeddable":true,"href":"https:\/\/tenislastorres.com\/tenis\/wp-json\/wp\/v2\/comments?post=2453"}],"version-history":[{"count":1,"href":"https:\/\/tenislastorres.com\/tenis\/wp-json\/wp\/v2\/pages\/2453\/revisions"}],"predecessor-version":[{"id":2454,"href":"https:\/\/tenislastorres.com\/tenis\/wp-json\/wp\/v2\/pages\/2453\/revisions\/2454"}],"wp:attachment":[{"href":"https:\/\/tenislastorres.com\/tenis\/wp-json\/wp\/v2\/media?parent=2453"}],"curies":[{"name":"wp","href":"https:\/\/api.w.org\/{rel}","templated":true}]}}